{"id":789,"date":"2014-09-08T08:42:23","date_gmt":"2014-09-08T08:42:23","guid":{"rendered":"http:\/\/brik-wohnbau.de\/?page_id=789"},"modified":"2017-03-07T14:43:43","modified_gmt":"2017-03-07T14:43:43","slug":"lage-2","status":"publish","type":"page","link":"https:\/\/brik-wohnbau.de\/?page_id=789","title":{"rendered":"Lage"},"content":{"rendered":"[spb_text_block animation=&#8220;none&#8220; animation_delay=&#8220;0&#8243; simplified_controls=&#8220;yes&#8220; custom_css_percentage=&#8220;no&#8220; padding_vertical=&#8220;0&#8243; padding_horizontal=&#8220;0&#8243; margin_vertical=&#8220;0&#8243; custom_css=&#8220;margin-top: 0px;margin-bottom: 0px;&#8220; border_size=&#8220;0&#8243; border_styling_global=&#8220;default&#8220; width=&#8220;1\/4&#8243; el_position=&#8220;first&#8220;][\/spb_text_block] [spb_text_block animation=&#8220;none&#8220; animation_delay=&#8220;0&#8243; simplified_controls=&#8220;yes&#8220; custom_css_percentage=&#8220;no&#8220; padding_vertical=&#8220;0&#8243; padding_horizontal=&#8220;0&#8243; margin_vertical=&#8220;0&#8243; border_size=&#8220;0&#8243; border_styling_global=&#8220;default&#8220; width=&#8220;1\/2&#8243;]\n<p>Oberneuland ist so vielseitig wie kaum ein anderer Bremer Stadtteil. Nehmen Sie teil an einem regen Vereinsleben oder finden Sie die Ruhe, die Sie gesucht haben, unter alten B\u00e4umen und an stillen Seen, nur wenige Schritte von der Haust\u00fcr entfernt.<\/p>\n<p>Wenn es um die t\u00e4glichen Besorgungen und Eink\u00e4ufe geht, finden Sie eine gro\u00dfe Auswahl an Gesch\u00e4ften, Banken und Apotheken nur wenige Autominuten entfernt in der M\u00fchlenfeldstra\u00dfe oder bei Lestra, das ebenfalls innerhalb weniger Minuten zu erreichen ist. Kleinere Eink\u00e4ufe k\u00f6nnen Sie zu Fu\u00df im neuen Mini-Markt am Achterdiek erledigen, wo sich auch ein B\u00e4cker befindet. Wenn Sie das Auto lieber mal stehen lassen m\u00f6chten, dann nehmen Sie einfach den Bus der Linie 24 und erreichen damit in nur 20 Minuten den Bremer Hauptbahnhof.<\/p>\n<p>Das Schulzentrum Rockwinkel und ein Kindergarten in der Marcusallee sind nahe, das \u00f6kumenische Gymnasium in Fahrradentfernung. Weitere Kinderg\u00e4rten und Schulen befinden sich ebenfalls in einem Umkreis von 2 Kilometern.<\/p>\n<p>Mit dem Rad zur W\u00fcmme, Golf spielen am nahe gelegenen Golfplatz oder der schnell zu erreichende Rhododendronpark \u2013 alles das macht die Wohnlage von <b>Parkside Oberneuland<\/b> so einzigartig.<\/p>\n[\/spb_text_block] [spb_text_block animation=&#8220;none&#8220; animation_delay=&#8220;0&#8243; simplified_controls=&#8220;yes&#8220; custom_css_percentage=&#8220;no&#8220; padding_vertical=&#8220;0&#8243; padding_horizontal=&#8220;0&#8243; margin_vertical=&#8220;0&#8243; custom_css=&#8220;margin-top: 0px;margin-bottom: 0px;&#8220; border_size=&#8220;0&#8243; border_styling_global=&#8220;default&#8220; width=&#8220;1\/4&#8243; el_position=&#8220;last&#8220;][\/spb_text_block] [spb_image image=&#8220;963&#8243; image_size=&#8220;full-width-image-gallery&#8220; frame=&#8220;noframe&#8220; caption_pos=&#8220;hover&#8220; remove_rounded=&#8220;no&#8220; fullwidth=&#8220;no&#8220; overflow_mode=&#8220;none&#8220; link_target=&#8220;_self&#8220; lightbox=&#8220;yes&#8220; intro_animation=&#8220;none&#8220; animation_delay=&#8220;200&#8243; width=&#8220;1\/1&#8243; el_position=&#8220;first last&#8220;][\/spb_image]\n","protected":false},"excerpt":{"rendered":"<p>[spb_text_block animation=&#8220;none&#8220; animation_delay=&#8220;0&#8243; simplified_controls=&#8220;yes&#8220; custom_css_percentage=&#8220;no&#8220; padding_vertical=&#8220;0&#8243; padding_horizontal=&#8220;0&#8243; margin_vertical=&#8220;0&#8243; custom_css=&#8220;margin-top: 0px;margin-bottom: 0px;&#8220; border_size=&#8220;0&#8243; border_styling_global=&#8220;default&#8220; width=&#8220;1\/4&#8243; el_position=&#8220;first&#8220;][\/spb_text_block] [spb_text_block animation=&#8220;none&#8220; animation_delay=&#8220;0&#8243; simplified_controls=&#8220;yes&#8220; custom_css_percentage=&#8220;no&#8220; padding_vertical=&#8220;0&#8243; padding_horizontal=&#8220;0&#8243; margin_vertical=&#8220;0&#8243; border_size=&#8220;0&#8243; border_styling_global=&#8220;default&#8220; width=&#8220;1\/2&#8243;] Oberneuland ist so vielseitig wie kaum ein anderer Bremer Stadtteil. Nehmen Sie teil an einem regen Vereinsleben oder finden Sie die Ruhe, die Sie gesucht haben, unter alten B\u00e4umen und an stillen Seen, nur wenige Schritte von der Haust\u00fcr entfernt. Wenn es um die t\u00e4glichen Besorgungen und Eink\u00e4ufe geht, finden Sie eine gro\u00dfe Auswahl an Gesch\u00e4ften, Banken und Apotheken nur wenige Autominuten entfernt in der M\u00fchlenfeldstra\u00dfe oder bei Lestra, das ebenfalls innerhalb weniger Minuten zu erreichen ist. Kleinere Eink\u00e4ufe k\u00f6nnen Sie zu Fu\u00df im [&hellip;]<\/p>\n","protected":false},"author":1,"featured_media":0,"parent":0,"menu_order":3,"comment_status":"open","ping_status":"open","template":"","meta":{"footnotes":""},"class_list":["post-789","page","type-page","status-publish","hentry"],"_links":{"self":[{"href":"https:\/\/brik-wohnbau.de\/index.php?rest_route=\/wp\/v2\/pages\/789","targetHints":{"allow":["GET"]}}],"collection":[{"href":"https:\/\/brik-wohnbau.de\/index.php?rest_route=\/wp\/v2\/pages"}],"about":[{"href":"https:\/\/brik-wohnbau.de\/index.php?rest_route=\/wp\/v2\/types\/page"}],"author":[{"embeddable":true,"href":"https:\/\/brik-wohnbau.de\/index.php?rest_route=\/wp\/v2\/users\/1"}],"replies":[{"embeddable":true,"href":"https:\/\/brik-wohnbau.de\/index.php?rest_route=%2Fwp%2Fv2%2Fcomments&post=789"}],"version-history":[{"count":10,"href":"https:\/\/brik-wohnbau.de\/index.php?rest_route=\/wp\/v2\/pages\/789\/revisions"}],"predecessor-version":[{"id":1230,"href":"https:\/\/brik-wohnbau.de\/index.php?rest_route=\/wp\/v2\/pages\/789\/revisions\/1230"}],"wp:attachment":[{"href":"https:\/\/brik-wohnbau.de\/index.php?rest_route=%2Fwp%2Fv2%2Fmedia&parent=789"}],"curies":[{"name":"wp","href":"https:\/\/api.w.org\/{rel}","templated":true}]}}