{"id":1318,"date":"2018-05-21T10:57:01","date_gmt":"2018-05-21T10:57:01","guid":{"rendered":"http:\/\/brik-wohnbau.de\/?page_id=1318"},"modified":"2018-05-23T13:36:39","modified_gmt":"2018-05-23T13:36:39","slug":"datenschutzerklaerung","status":"publish","type":"page","link":"https:\/\/brik-wohnbau.de\/?page_id=1318","title":{"rendered":"Datenschutzerkl\u00e4rung"},"content":{"rendered":"[spb_text_block animation=&#8220;none&#8220; animation_delay=&#8220;0&#8243; simplified_controls=&#8220;yes&#8220; custom_css_percentage=&#8220;no&#8220; padding_vertical=&#8220;0&#8243; padding_horizontal=&#8220;0&#8243; margin_vertical=&#8220;0&#8243; custom_css=&#8220;margin-top: 0px;margin-bottom: 0px;&#8220; border_size=&#8220;0&#8243; border_styling_global=&#8220;default&#8220; width=&#8220;1\/2&#8243; el_position=&#8220;first&#8220;]\n<h3>DATENSCHUTZERKL\u00c4RUNG<\/h3>\n<p><strong>Sehr geehrte Nutzer\/innen unserer Homepage, <\/strong><\/p>\n<p>wir freuen uns \u00fcber Ihren Besuch auf den Webseiten der von BRIK GmbH &amp; Co. KG. Wir m\u00f6chten, dass Sie sich hierbei sicher und wohl f\u00fchlen. Der Schutz Ihrer Privatsph\u00e4re hat f\u00fcr uns einen hohen Stellenwert. Daher sind unsere Webseiten so gestaltet, dass deren Nutzung anonym m\u00f6glich ist, solange Sie\u00a0freiwillig Angaben zu Ihrer Person machen. Die folgenden Datenschutzbestimmungen sind daf\u00fcr gedacht, Sie \u00fcber unsere Handhabung der Erhebung, Verwendung und Weitergabe von pers\u00f6nlichen Daten zu informieren.<\/p>\n<p><strong>Nutzungsdaten \u00fcber den Besuch unserer Webseiten<\/strong><\/p>\n<p>Sofern Sie unsere Webseiten besuchen, wird auf unserem Webserver ein anonymer Datensatz gespeichert. Dieser Datensatz besteht aus<\/p>\n<p>\u2022\u00a0\u00a0\u00a0 der Seite, von der aus die Datei angefordert wurde,<br \/>\n\u2022\u00a0\u00a0\u00a0 dem Namen der Datei,<br \/>\n\u2022\u00a0\u00a0\u00a0 dem Datum und der Uhrzeit der Abfrage,<br \/>\n\u2022\u00a0\u00a0\u00a0 der \u00fcbertragenen Datenmenge,<br \/>\n\u2022\u00a0\u00a0\u00a0 dem Zugriffsstatus (Datei \u00fcbertragen, Datei nicht gefunden etc.),<br \/>\n\u2022\u00a0\u00a0\u00a0 einer Beschreibung des Typs des verwendeten Webbrowsers,<br \/>\n\u2022\u00a0\u00a0\u00a0 der IP-Adresse des anfragenden Rechners, verk\u00fcrzt um die letzten\u00a0drei Ziffern (anonymisiert).<\/p>\n<p>Diese Informationen werden zu statistischen Zwecken und zur Abwehr unregelm\u00e4\u00dfiger Abfragen erfasst und ausgewertet, um unser Internetangebot zu sch\u00fctzen und Ihren Bed\u00fcrfnissen anpassen zu k\u00f6nnen. Personenbezogene Nutzerprofile werden damit nicht erstellt. Daten \u00fcber die IP-Adresse Ihres Rechners (Kennzeichnung des PCs) werden durch das von uns beauftragte Unternehmen\u00a0Google Inc.\u00a0ebenfalls in verk\u00fcrzter, anonymisierter Form erfasst und ausgewertet.<\/p>\n<p><strong>Google Analytics<\/strong><\/p>\n<p>Zur bedarfsgerechten Gestaltung unserer Website erstellen wir pseudonyme Nutzungsprofile mit Hilfe von Google Analytics. Google Analytics verwendet sog. &#8222;Cookies&#8220;, also Textdateien, die auf Ihrem Computer gespeichert werden und die eine Analyse der Benutzung der Website durch Sie erm\u00f6glichen. Die durch das Cookie erzeugten Informationen \u00fcber Ihre Benutzung dieser Website werden in der Regel an einen Server von Google in den USA \u00fcbertragen und dort gespeichert. Da wir die IP-Anonymisierung auf dieser Webseite aktiviert haben, wird Ihre IP-Adresse von Google jedoch zuvor innerhalb von Mitgliedstaaten der Europ\u00e4ischen Union oder in anderen Vertragsstaaten des Abkommens \u00fcber den Europ\u00e4ischen Wirtschaftsraum gek\u00fcrzt. Nur in Ausnahmef\u00e4llen wird die volle IP-Adresse an einen Server von Google in den USA \u00fcbertragen und erst dort gek\u00fcrzt. Google wird diese Informationen benutzen, um Ihre Nutzung der Website f\u00fcr uns auszuwerten, um Reports \u00fcber die Websiteaktivit\u00e4ten zusammenzustellen und um weitere mit der Websitenutzung und der Internetnutzung verbundene Dienstleistungen gegen\u00fcber uns zu erbringen.<\/p>\n<p>Sie k\u00f6nnen der Erstellung der pseudonymen Nutzungsprofile jederzeit widersprechen. Hierzu gibt es mehrere M\u00f6glichkeiten:<\/p>\n<ol>\n<li>Eine M\u00f6glichkeit, der Webanalyse durch Google Analytics zu widersprechen, besteht darin, einen Opt-Out-Cookie zu setzten, welcher Google anweist, Ihre Daten nicht f\u00fcr Zwecke der Webanalyse zu speichern oder zu nutzen. Bitte beachten Sie, dass bei dieser L\u00f6sung die Webanalyse nur so lange nicht erfolgen wird, wie der Opt-Out-Cookie vom Browser gespeichert wird. Wenn Sie den Opt-Out-Cookie jetzt setzen m\u00f6chten, klicken Sie bitte hier.<\/li>\n<li>Sie k\u00f6nnen die Speicherung der f\u00fcr die Profilbildung verwendeten Cookies auch durch eine entsprechende Einstellung Ihrer Browser-Software verhindern.<\/li>\n<li>Je nach dem von Ihnen verwendeten Browser, haben Sie die M\u00f6glichkeit, ein Browser-Plugin zu installieren, welches das Tracking verhindert. Dazu klicken Sie bitte <a href=\"https:\/\/tools.google.com\/dlpage\/gaoptout?hl=de\">hier<\/a>\u00a0und installieren das dort abrufbare Browser-Plugin.<\/li>\n<\/ol>\n<p><strong>Cookies und Session-IDs<\/strong><\/p>\n<p>Zur Steuerung Ihres Besuchs auf unseren Webseiten verwenden wir sogenannte Session-IDs (auch tempor\u00e4re Cookies genannt). Dies sind Nummern, mit denen Ihre Verbindung zu unserer Webseite gesteuert wird und die kurzfristig auf Ihrem Rechner abgelegt werden. Hier\u00fcber wird auch die Merkzettel-Funktion gesteuert.<\/p>\n[\/spb_text_block] [spb_text_block animation=&#8220;none&#8220; animation_delay=&#8220;0&#8243; simplified_controls=&#8220;yes&#8220; custom_css_percentage=&#8220;no&#8220; padding_vertical=&#8220;0&#8243; padding_horizontal=&#8220;0&#8243; margin_vertical=&#8220;0&#8243; custom_css=&#8220;margin-top: 0px;margin-bottom: 0px;&#8220; border_size=&#8220;0&#8243; border_styling_global=&#8220;default&#8220; width=&#8220;1\/2&#8243; el_position=&#8220;last&#8220;]\n<p>Diese Session-IDs werden automatisch mit Verlassen unseres Webangebots gel\u00f6scht, es findet damit keinerlei Speicherung von Daten auf Ihrem Rechner statt. Sie k\u00f6nnen Ihren Browser so einstellen, dass er Sie \u00fcber die Verwendung von Cookies informiert. So wird der Gebrauch f\u00fcr Sie transparent.<br \/>\nWir m\u00f6chten Sie darauf hinweisen, dass die Funktionalit\u00e4t des Angebots bei Nichtannahme des Session-Cookies beeintr\u00e4chtigt sein kann.<\/p>\n<p><strong>Genereller Umgang mit Ihren pers\u00f6nlichen Daten<\/strong><\/p>\n<p>Pers\u00f6nliche Daten, die Sie uns online (per E-Mail oder anhand von Online-Formularen) \u00fcbermitteln, werden entsprechend der gesetzlichen Vorschriften erfasst und verarbeitet. Wir lassen die Einhaltung des Datenschutzes regelm\u00e4\u00dfig von unabh\u00e4ngiger Stelle pr\u00fcfen.<\/p>\n<p>Wir geben Ihre Daten an Dritte nur dann weiter, wenn wir dazu gesetzlich berechtigt oder verpflichtet sind (z. B. zu Vertrags- oder Strafverfolgungszwecken) oder Sie dies ausdr\u00fccklich w\u00fcnschen.<\/p>\n<p><strong>Objektbewerbung<\/strong><\/p>\n<p>Falls Sie sich online auf ein Objekt bewerben, erfassen wir Ihre Angaben, um Ihnen ein Objekt zu vermitteln. Neben den gew\u00fcnschten Objektdaten ben\u00f6tigen wir die Anrede, den Vor- und Nachnamen, um Namensverwechslungen zu vermeiden und um mit Ihnen Kontakt im Rahmen einer Vertragsanbahnung aufnehmen zu k\u00f6nnen sowie Ihr email-Adresse, um Ihnen die gew\u00fcnschten Informationen zuschicken zu k\u00f6nnen. Ihre Postanschrift ben\u00f6tigen wir, um Ihnen vertraglich relevante Dokumente zusenden zu k\u00f6nnen. Anhand Ihres Geburtsjahres pr\u00fcfen wir zudem, ob Sie vollj\u00e4hrig sind, da wir Angebote nur an vollj\u00e4hrige Personen unterbreiten. Ihre Telefonnummer nutzen wir, wenn es mal schnell gehen muss und wir zu Ihnen z\u00fcgig Kontakt aufnehmen m\u00fcssen (z.B. bei R\u00fcckfragen oder Besichtigungsterminen). Informationen zu Ihrer Bewerbung \u00fcbersenden wir Ihnen in der Regel per E-Mail. Ihre pers\u00f6nlichen Angaben sowie Ihre Nachricht werden in unserer Interessentendatei bis zu Ihrem Widerruf gespeichert und im \u00dcbrigen sp\u00e4testens nach einem Jahr gel\u00f6scht. Wenn Sie w\u00fcnschen, weiter als Interessent bei uns gef\u00fchrt zu werden, melden Sie sich bitte einen Monat vor Ablauf bei uns.<\/p>\n<p><strong>BRIK &#8211; Newsletter<\/strong><\/p>\n<p>F\u00fcr die Versendung des kostenlosen BRIK-Newsletters ben\u00f6tigen wir Ihre E-Mail-Adresse. Nach Absenden des Bestellformulars erhalten Sie von uns eine E-Mail zur Best\u00e4tigung. Die Bestellung wird erst dann wirksam, wenn Sie auf den Best\u00e4tigungslink in der E-Mail geklickt haben. Sie k\u00f6nnen den Newsletter jederzeit abbestellen, z. B. indem Sie die Abmeldefunktion auf unseren Webseiten nutzen. Ihre E-Mail-Adresse wird dann umgehend aus dem Verteilersystem gel\u00f6scht.<\/p>\n<p><strong>Google-Maps<\/strong><\/p>\n<p>Auf unseren Webseiten haben wir Google Maps eingebunden, damit Sie z.B. den Weg zu uns oder angebotenen Objekten planen k\u00f6nnen. Sofern Sie die Karte nutzen, z.B. durch Anklicken unserer dort aufgef\u00fchrten Standorte, erfassen wir von Ihnen keinerlei Daten. Ggf. erfasst das Unternehmen Google Inc., 1600 Amphitheatre Parkway, Mountain View, CA 94043, USA im Rahmen von Google Maps personenbezogene oder personenbeziehbare Daten. Bitte beachten Sie die Nutzungsbedingungen f\u00fcr Google Maps, abrufbar unter <a href=\"http:\/\/www.google.com\/intl\/de_de\/help\/terms_maps.html\">http:\/\/www.google.com\/intl\/de_de\/help\/terms_maps.html<\/a>.<\/p>\n<p><strong>Datensicherheit <\/strong><\/p>\n<p>Wir treffen angemessene Ma\u00dfnahmen, um den Schutz Ihrer Daten technisch und organisatorisch umzusetzen. Unsere Mitarbeiter sind zur Einhaltung des Datenschutzes verpflichtet, unsere mit der Datenverarbeitung beauftragten Dienstleister sorgf\u00e4ltig ausgew\u00e4hlt und ebenfalls auf den Datenschutz verpflichtet. Einige Bereiche des Webangebotes, in denen besonders sensible Daten z. B. in Formularen \u00fcbermittelt werden, werden von uns zudem per SSL verschl\u00fcsselt, um Ihre Daten vor unberechtigten Zugriffen zu sch\u00fctzen. Sie erkennen verschl\u00fcsselte Webseiten i.d.R. an dem Schloss-Symbol Ihres Browsers. Bitte beachten Sie, dass eine unverschl\u00fcsselte Daten\u00fcbertragung (per E-Mail oder \u00fcber andere Webformulare) ggf. von Unbefugten au\u00dferhalb unseres Einflussbereichs mitgelesen werden kann. Sofern Sie sensible Daten unverschl\u00fcsselt an uns \u00fcbermitteln wollen, empfehlen wir Ihnen daher, andere \u00dcbertragungswege zu nutzen.<\/p>\n<p><strong>Noch Fragen?<\/strong><\/p>\n<p>Sie haben die M\u00f6glichkeit, Auskunft dar\u00fcber zu verlangen, welche Daten \u00fcber Sie bei uns gespeichert sind und zu welchem Zweck diese Speicherung erfolgt. Dar\u00fcber hinaus k\u00f6nnen Sie unrichtige Daten berichtigen oder solche Daten l\u00f6schen lassen, deren Speicherung unzul\u00e4ssig oder nicht mehr erforderlich ist. Ihre Daten bleiben bei uns nur solange gespeichert, wie dies durch gesetzliche Aufbewahrungsfristen vorgegeben ist.<\/p>\n<p><strong>Datenschutzbeauftragter<\/strong><\/p>\n<p>Bei Fragen zum Datenschutz steht Ihnen unser Datenschutzbeauftragter S-CON DATENSCHUTZ, Kriegerstra\u00dfe 44, 30161 Hannover gerne zur Verf\u00fcgung: <a href=\"mailto:datenschutzteam@s-con.de\"><strong>datenschutzteam@s-con.de<\/strong><\/a><\/p>\n<p>&nbsp;<\/p>\n[\/spb_text_block]\n","protected":false},"excerpt":{"rendered":"<p>[spb_text_block animation=&#8220;none&#8220; animation_delay=&#8220;0&#8243; simplified_controls=&#8220;yes&#8220; custom_css_percentage=&#8220;no&#8220; padding_vertical=&#8220;0&#8243; padding_horizontal=&#8220;0&#8243; margin_vertical=&#8220;0&#8243; custom_css=&#8220;margin-top: 0px;margin-bottom: 0px;&#8220; border_size=&#8220;0&#8243; border_styling_global=&#8220;default&#8220; width=&#8220;1\/2&#8243; el_position=&#8220;first&#8220;] DATENSCHUTZERKL\u00c4RUNG Sehr geehrte Nutzer\/innen unserer Homepage, wir freuen uns \u00fcber Ihren Besuch auf den Webseiten der von BRIK GmbH &amp; Co. KG. Wir m\u00f6chten, dass Sie sich hierbei sicher und wohl f\u00fchlen. Der Schutz Ihrer Privatsph\u00e4re hat f\u00fcr uns einen hohen Stellenwert. Daher sind unsere Webseiten so gestaltet, dass deren Nutzung anonym m\u00f6glich ist, solange Sie\u00a0freiwillig Angaben zu Ihrer Person machen. Die folgenden Datenschutzbestimmungen sind daf\u00fcr gedacht, Sie \u00fcber unsere Handhabung der Erhebung, Verwendung und Weitergabe von pers\u00f6nlichen Daten zu informieren. Nutzungsdaten \u00fcber den Besuch unserer Webseiten Sofern Sie unsere Webseiten besuchen, wird auf unserem [&hellip;]<\/p>\n","protected":false},"author":1,"featured_media":0,"parent":0,"menu_order":0,"comment_status":"closed","ping_status":"closed","template":"","meta":{"footnotes":""},"class_list":["post-1318","page","type-page","status-publish","hentry"],"_links":{"self":[{"href":"https:\/\/brik-wohnbau.de\/index.php?rest_route=\/wp\/v2\/pages\/1318","targetHints":{"allow":["GET"]}}],"collection":[{"href":"https:\/\/brik-wohnbau.de\/index.php?rest_route=\/wp\/v2\/pages"}],"about":[{"href":"https:\/\/brik-wohnbau.de\/index.php?rest_route=\/wp\/v2\/types\/page"}],"author":[{"embeddable":true,"href":"https:\/\/brik-wohnbau.de\/index.php?rest_route=\/wp\/v2\/users\/1"}],"replies":[{"embeddable":true,"href":"https:\/\/brik-wohnbau.de\/index.php?rest_route=%2Fwp%2Fv2%2Fcomments&post=1318"}],"version-history":[{"count":8,"href":"https:\/\/brik-wohnbau.de\/index.php?rest_route=\/wp\/v2\/pages\/1318\/revisions"}],"predecessor-version":[{"id":1326,"href":"https:\/\/brik-wohnbau.de\/index.php?rest_route=\/wp\/v2\/pages\/1318\/revisions\/1326"}],"wp:attachment":[{"href":"https:\/\/brik-wohnbau.de\/index.php?rest_route=%2Fwp%2Fv2%2Fmedia&parent=1318"}],"curies":[{"name":"wp","href":"https:\/\/api.w.org\/{rel}","templated":true}]}}